{"id":1516,"date":"2025-07-18T07:46:51","date_gmt":"2025-07-18T07:46:51","guid":{"rendered":"https:\/\/bugivugi.lt\/?page_id=1516"},"modified":"2025-10-19T05:58:11","modified_gmt":"2025-10-19T05:58:11","slug":"kaciu-veisles","status":"publish","type":"page","link":"https:\/\/bugivugi.lt\/en\/kaciu-veisles\/","title":{"rendered":"apie ka\u010di\u0173 veisles"},"content":{"rendered":"<div data-elementor-type=\"wp-page\" data-elementor-id=\"1516\" class=\"elementor elementor-1516\" data-elementor-post-type=\"page\">\n\t\t\t\t<div class=\"elementor-element elementor-element-b86d254 e-flex e-con-boxed e-con e-parent\" data-id=\"b86d254\" data-element_type=\"container\" data-e-type=\"container\">\n\t\t\t\t\t<div class=\"e-con-inner\">\n\t\t\t\t<div class=\"elementor-element elementor-element-86efddd elementor-widget elementor-widget-heading\" data-id=\"86efddd\" data-element_type=\"widget\" data-e-type=\"widget\" data-widget_type=\"heading.default\">\n\t\t\t\t<div class=\"elementor-widget-container\">\n\t\t\t\t\t<h1 class=\"elementor-heading-title elementor-size-default\">Populiariausios ka\u010di\u0173 veisl\u0117s<\/h1>\t\t\t\t<\/div>\n\t\t\t\t<\/div>\n\t\t\t\t<div class=\"elementor-element elementor-element-b581e96 elementor-widget elementor-widget-text-editor\" data-id=\"b581e96\" data-element_type=\"widget\" data-e-type=\"widget\" data-widget_type=\"text-editor.default\">\n\t\t\t\t<div class=\"elementor-widget-container\">\n\t\t\t\t\t\t\t\t\t<p>\u010cia rasite i\u0161samius apra\u0161ymus apie daugum\u0105 populiariausi\u0173 ka\u010di\u0173 veisli\u0173, su\u017einosite apie gyv\u016bno ypatumus, charakter\u012f, elgsen\u0105 ir prie\u017ei\u016br\u0105.<\/p>\t\t\t\t\t\t\t\t<\/div>\n\t\t\t\t<\/div>\n\t\t\t\t\t<\/div>\n\t\t\t\t<\/div>\n\t\t<div class=\"elementor-element elementor-element-24f63ca e-flex e-con-boxed e-con e-parent\" data-id=\"24f63ca\" data-element_type=\"container\" data-e-type=\"container\">\n\t\t\t\t\t<div class=\"e-con-inner\">\n\t\t\t\t<div class=\"elementor-element elementor-element-405326e elementor-posts--align-center elementor-grid-3 elementor-grid-tablet-2 elementor-grid-mobile-1 elementor-posts--thumbnail-top load-more-align-center elementor-widget elementor-widget-posts\" data-id=\"405326e\" data-element_type=\"widget\" data-e-type=\"widget\" data-settings=\"{&quot;pagination_type&quot;:&quot;load_more_on_click&quot;,&quot;classic_columns&quot;:&quot;3&quot;,&quot;classic_columns_tablet&quot;:&quot;2&quot;,&quot;classic_columns_mobile&quot;:&quot;1&quot;,&quot;classic_row_gap&quot;:{&quot;unit&quot;:&quot;px&quot;,&quot;size&quot;:35,&quot;sizes&quot;:[]},&quot;classic_row_gap_tablet&quot;:{&quot;unit&quot;:&quot;px&quot;,&quot;size&quot;:&quot;&quot;,&quot;sizes&quot;:[]},&quot;classic_row_gap_mobile&quot;:{&quot;unit&quot;:&quot;px&quot;,&quot;size&quot;:&quot;&quot;,&quot;sizes&quot;:[]},&quot;load_more_spinner&quot;:{&quot;value&quot;:&quot;fas fa-spinner&quot;,&quot;library&quot;:&quot;fa-solid&quot;}}\" data-widget_type=\"posts.classic\">\n\t\t\t\t<div class=\"elementor-widget-container\">\n\t\t\t\t\t\t\t<div class=\"elementor-posts-container elementor-posts elementor-posts--skin-classic elementor-grid\" role=\"list\">\n\t\t\t\t<article class=\"elementor-post elementor-grid-item post-6982 post type-post status-publish format-standard has-post-thumbnail hentry category-kates\" role=\"listitem\">\n\t\t\t\t<a class=\"elementor-post__thumbnail__link\" href=\"https:\/\/bugivugi.lt\/en\/toyger-kate\/\" tabindex=\"-1\" >\n\t\t\t<div class=\"elementor-post__thumbnail\"><img fetchpriority=\"high\" decoding=\"async\" width=\"300\" height=\"201\" src=\"https:\/\/bugivugi.lt\/wp-content\/uploads\/2025\/10\/image-26-300x201.png\" class=\"attachment-medium size-medium wp-image-6983\" alt=\"Toyger kat\u0117 tigri\u0161ku kailiu Bugivugi\" srcset=\"https:\/\/bugivugi.lt\/wp-content\/uploads\/2025\/10\/image-26-300x201.png 300w, https:\/\/bugivugi.lt\/wp-content\/uploads\/2025\/10\/image-26-768x515.png 768w, https:\/\/bugivugi.lt\/wp-content\/uploads\/2025\/10\/image-26-18x12.png 18w, https:\/\/bugivugi.lt\/wp-content\/uploads\/2025\/10\/image-26.png 1004w\" sizes=\"(max-width: 300px) 100vw, 300px\" \/><\/div>\n\t\t<\/a>\n\t\t\t\t<div class=\"elementor-post__text\">\n\t\t\t\t<h3 class=\"elementor-post__title\">\n\t\t\t<a href=\"https:\/\/bugivugi.lt\/en\/toyger-kate\/\" >\n\t\t\t\tToyger kat\u0117\t\t\t<\/a>\n\t\t<\/h3>\n\t\t\t\t<\/div>\n\t\t\t\t<\/article>\n\t\t\t\t<article class=\"elementor-post elementor-grid-item post-6979 post type-post status-publish format-standard has-post-thumbnail hentry category-kates\" role=\"listitem\">\n\t\t\t\t<a class=\"elementor-post__thumbnail__link\" href=\"https:\/\/bugivugi.lt\/en\/turku-van-kate\/\" tabindex=\"-1\" >\n\t\t\t<div class=\"elementor-post__thumbnail\"><img decoding=\"async\" width=\"300\" height=\"194\" src=\"https:\/\/bugivugi.lt\/wp-content\/uploads\/2025\/10\/image-25-300x194.png\" class=\"attachment-medium size-medium wp-image-6980\" alt=\"Turk\u0173 van kat\u0117 balta su ruda uodega Bugivugi\" srcset=\"https:\/\/bugivugi.lt\/wp-content\/uploads\/2025\/10\/image-25-300x194.png 300w, https:\/\/bugivugi.lt\/wp-content\/uploads\/2025\/10\/image-25-768x496.png 768w, https:\/\/bugivugi.lt\/wp-content\/uploads\/2025\/10\/image-25-18x12.png 18w, https:\/\/bugivugi.lt\/wp-content\/uploads\/2025\/10\/image-25-372x240.png 372w, https:\/\/bugivugi.lt\/wp-content\/uploads\/2025\/10\/image-25.png 1004w\" sizes=\"(max-width: 300px) 100vw, 300px\" \/><\/div>\n\t\t<\/a>\n\t\t\t\t<div class=\"elementor-post__text\">\n\t\t\t\t<h3 class=\"elementor-post__title\">\n\t\t\t<a href=\"https:\/\/bugivugi.lt\/en\/turku-van-kate\/\" >\n\t\t\t\tTurk\u0173 van kat\u0117\t\t\t<\/a>\n\t\t<\/h3>\n\t\t\t\t<\/div>\n\t\t\t\t<\/article>\n\t\t\t\t<article class=\"elementor-post elementor-grid-item post-6976 post type-post status-publish format-standard has-post-thumbnail hentry category-kates\" role=\"listitem\">\n\t\t\t\t<a class=\"elementor-post__thumbnail__link\" href=\"https:\/\/bugivugi.lt\/en\/turku-angoros-kate\/\" tabindex=\"-1\" >\n\t\t\t<div class=\"elementor-post__thumbnail\"><img decoding=\"async\" width=\"300\" height=\"225\" src=\"https:\/\/bugivugi.lt\/wp-content\/uploads\/2025\/10\/image-24-300x225.png\" class=\"attachment-medium size-medium wp-image-6977\" alt=\"Turk\u0173 angoros kat\u0117 ilgo kailio oran\u017ein\u0117s ir baltos spalvos Bugivugi\" srcset=\"https:\/\/bugivugi.lt\/wp-content\/uploads\/2025\/10\/image-24-300x225.png 300w, https:\/\/bugivugi.lt\/wp-content\/uploads\/2025\/10\/image-24-768x576.png 768w, https:\/\/bugivugi.lt\/wp-content\/uploads\/2025\/10\/image-24-16x12.png 16w, https:\/\/bugivugi.lt\/wp-content\/uploads\/2025\/10\/image-24-263x198.png 263w, https:\/\/bugivugi.lt\/wp-content\/uploads\/2025\/10\/image-24.png 1004w\" sizes=\"(max-width: 300px) 100vw, 300px\" \/><\/div>\n\t\t<\/a>\n\t\t\t\t<div class=\"elementor-post__text\">\n\t\t\t\t<h3 class=\"elementor-post__title\">\n\t\t\t<a href=\"https:\/\/bugivugi.lt\/en\/turku-angoros-kate\/\" >\n\t\t\t\tTurk\u0173 angoros kat\u0117\t\t\t<\/a>\n\t\t<\/h3>\n\t\t\t\t<\/div>\n\t\t\t\t<\/article>\n\t\t\t\t<article class=\"elementor-post elementor-grid-item post-6973 post type-post status-publish format-standard has-post-thumbnail hentry category-kates\" role=\"listitem\">\n\t\t\t\t<a class=\"elementor-post__thumbnail__link\" href=\"https:\/\/bugivugi.lt\/en\/tonkino-kate\/\" tabindex=\"-1\" >\n\t\t\t<div class=\"elementor-post__thumbnail\"><img loading=\"lazy\" decoding=\"async\" width=\"300\" height=\"200\" src=\"https:\/\/bugivugi.lt\/wp-content\/uploads\/2025\/10\/image-23-300x200.png\" class=\"attachment-medium size-medium wp-image-6974\" alt=\"Tonkino kat\u0117 trumpaplauk\u0117 \u0161viesaus kailio Bugivugi\" srcset=\"https:\/\/bugivugi.lt\/wp-content\/uploads\/2025\/10\/image-23-300x200.png 300w, https:\/\/bugivugi.lt\/wp-content\/uploads\/2025\/10\/image-23-768x512.png 768w, https:\/\/bugivugi.lt\/wp-content\/uploads\/2025\/10\/image-23-18x12.png 18w, https:\/\/bugivugi.lt\/wp-content\/uploads\/2025\/10\/image-23-287x190.png 287w, https:\/\/bugivugi.lt\/wp-content\/uploads\/2025\/10\/image-23.png 1004w\" sizes=\"(max-width: 300px) 100vw, 300px\" \/><\/div>\n\t\t<\/a>\n\t\t\t\t<div class=\"elementor-post__text\">\n\t\t\t\t<h3 class=\"elementor-post__title\">\n\t\t\t<a href=\"https:\/\/bugivugi.lt\/en\/tonkino-kate\/\" >\n\t\t\t\tTonkino kat\u0117\t\t\t<\/a>\n\t\t<\/h3>\n\t\t\t\t<\/div>\n\t\t\t\t<\/article>\n\t\t\t\t<article class=\"elementor-post elementor-grid-item post-6970 post type-post status-publish format-standard has-post-thumbnail hentry category-kates\" role=\"listitem\">\n\t\t\t\t<a class=\"elementor-post__thumbnail__link\" href=\"https:\/\/bugivugi.lt\/en\/skotu-nulepause-kate\/\" tabindex=\"-1\" >\n\t\t\t<div class=\"elementor-post__thumbnail\"><img loading=\"lazy\" decoding=\"async\" width=\"300\" height=\"200\" src=\"https:\/\/bugivugi.lt\/wp-content\/uploads\/2025\/10\/image-22-300x200.png\" class=\"attachment-medium size-medium wp-image-6971\" alt=\"\u0160kot\u0173 nul\u0117paus\u0117 kat\u0117 pilkos spalvos Bugivugi\" srcset=\"https:\/\/bugivugi.lt\/wp-content\/uploads\/2025\/10\/image-22-300x200.png 300w, https:\/\/bugivugi.lt\/wp-content\/uploads\/2025\/10\/image-22-768x512.png 768w, https:\/\/bugivugi.lt\/wp-content\/uploads\/2025\/10\/image-22-18x12.png 18w, https:\/\/bugivugi.lt\/wp-content\/uploads\/2025\/10\/image-22-287x190.png 287w, https:\/\/bugivugi.lt\/wp-content\/uploads\/2025\/10\/image-22.png 1004w\" sizes=\"(max-width: 300px) 100vw, 300px\" \/><\/div>\n\t\t<\/a>\n\t\t\t\t<div class=\"elementor-post__text\">\n\t\t\t\t<h3 class=\"elementor-post__title\">\n\t\t\t<a href=\"https:\/\/bugivugi.lt\/en\/skotu-nulepause-kate\/\" >\n\t\t\t\t\u0160kot\u0173 nul\u0117paus\u0117 kat\u0117\t\t\t<\/a>\n\t\t<\/h3>\n\t\t\t\t<\/div>\n\t\t\t\t<\/article>\n\t\t\t\t<article class=\"elementor-post elementor-grid-item post-6967 post type-post status-publish format-standard has-post-thumbnail hentry category-kates\" role=\"listitem\">\n\t\t\t\t<a class=\"elementor-post__thumbnail__link\" href=\"https:\/\/bugivugi.lt\/en\/singapuro-kate\/\" tabindex=\"-1\" >\n\t\t\t<div class=\"elementor-post__thumbnail\"><img loading=\"lazy\" decoding=\"async\" width=\"300\" height=\"200\" src=\"https:\/\/bugivugi.lt\/wp-content\/uploads\/2025\/10\/image-21-300x200.png\" class=\"attachment-medium size-medium wp-image-6968\" alt=\"Singap\u016bro kat\u0117 ant sofos Bugivugi\" srcset=\"https:\/\/bugivugi.lt\/wp-content\/uploads\/2025\/10\/image-21-300x200.png 300w, https:\/\/bugivugi.lt\/wp-content\/uploads\/2025\/10\/image-21-768x512.png 768w, https:\/\/bugivugi.lt\/wp-content\/uploads\/2025\/10\/image-21-18x12.png 18w, https:\/\/bugivugi.lt\/wp-content\/uploads\/2025\/10\/image-21-287x190.png 287w, https:\/\/bugivugi.lt\/wp-content\/uploads\/2025\/10\/image-21.png 1004w\" sizes=\"(max-width: 300px) 100vw, 300px\" \/><\/div>\n\t\t<\/a>\n\t\t\t\t<div class=\"elementor-post__text\">\n\t\t\t\t<h3 class=\"elementor-post__title\">\n\t\t\t<a href=\"https:\/\/bugivugi.lt\/en\/singapuro-kate\/\" >\n\t\t\t\tSingap\u016bro kat\u0117\t\t\t<\/a>\n\t\t<\/h3>\n\t\t\t\t<\/div>\n\t\t\t\t<\/article>\n\t\t\t\t<article class=\"elementor-post elementor-grid-item post-5938 post type-post status-publish format-standard has-post-thumbnail hentry category-kates\" role=\"listitem\">\n\t\t\t\t<a class=\"elementor-post__thumbnail__link\" href=\"https:\/\/bugivugi.lt\/en\/savanos-kate\/\" tabindex=\"-1\" >\n\t\t\t<div class=\"elementor-post__thumbnail\"><img loading=\"lazy\" decoding=\"async\" width=\"300\" height=\"200\" src=\"https:\/\/bugivugi.lt\/wp-content\/uploads\/2025\/10\/image-20-300x200.png\" class=\"attachment-medium size-medium wp-image-5939\" alt=\"Savanos kat\u0117 rudame fone Bugivugi\" srcset=\"https:\/\/bugivugi.lt\/wp-content\/uploads\/2025\/10\/image-20-300x200.png 300w, https:\/\/bugivugi.lt\/wp-content\/uploads\/2025\/10\/image-20-768x513.png 768w, https:\/\/bugivugi.lt\/wp-content\/uploads\/2025\/10\/image-20-18x12.png 18w, https:\/\/bugivugi.lt\/wp-content\/uploads\/2025\/10\/image-20-287x190.png 287w, https:\/\/bugivugi.lt\/wp-content\/uploads\/2025\/10\/image-20.png 1004w\" sizes=\"(max-width: 300px) 100vw, 300px\" \/><\/div>\n\t\t<\/a>\n\t\t\t\t<div class=\"elementor-post__text\">\n\t\t\t\t<h3 class=\"elementor-post__title\">\n\t\t\t<a href=\"https:\/\/bugivugi.lt\/en\/savanos-kate\/\" >\n\t\t\t\tSavanos kat\u0117\t\t\t<\/a>\n\t\t<\/h3>\n\t\t\t\t<\/div>\n\t\t\t\t<\/article>\n\t\t\t\t<article class=\"elementor-post elementor-grid-item post-5935 post type-post status-publish format-standard has-post-thumbnail hentry category-kates\" role=\"listitem\">\n\t\t\t\t<a class=\"elementor-post__thumbnail__link\" href=\"https:\/\/bugivugi.lt\/en\/sfinkso-kate\/\" tabindex=\"-1\" >\n\t\t\t<div class=\"elementor-post__thumbnail\"><img loading=\"lazy\" decoding=\"async\" width=\"300\" height=\"200\" src=\"https:\/\/bugivugi.lt\/wp-content\/uploads\/2025\/10\/image-19-300x200.png\" class=\"attachment-medium size-medium wp-image-5936\" alt=\"Sfinkso kat\u0117 ro\u017einiame fone Bugivugi\" srcset=\"https:\/\/bugivugi.lt\/wp-content\/uploads\/2025\/10\/image-19-300x200.png 300w, https:\/\/bugivugi.lt\/wp-content\/uploads\/2025\/10\/image-19-768x512.png 768w, https:\/\/bugivugi.lt\/wp-content\/uploads\/2025\/10\/image-19-18x12.png 18w, https:\/\/bugivugi.lt\/wp-content\/uploads\/2025\/10\/image-19-287x190.png 287w, https:\/\/bugivugi.lt\/wp-content\/uploads\/2025\/10\/image-19.png 1004w\" sizes=\"(max-width: 300px) 100vw, 300px\" \/><\/div>\n\t\t<\/a>\n\t\t\t\t<div class=\"elementor-post__text\">\n\t\t\t\t<h3 class=\"elementor-post__title\">\n\t\t\t<a href=\"https:\/\/bugivugi.lt\/en\/sfinkso-kate\/\" >\n\t\t\t\tSfinkso kat\u0117\t\t\t<\/a>\n\t\t<\/h3>\n\t\t\t\t<\/div>\n\t\t\t\t<\/article>\n\t\t\t\t<article class=\"elementor-post elementor-grid-item post-5932 post type-post status-publish format-standard has-post-thumbnail hentry category-kates\" role=\"listitem\">\n\t\t\t\t<a class=\"elementor-post__thumbnail__link\" href=\"https:\/\/bugivugi.lt\/en\/somalio-kate\/\" tabindex=\"-1\" >\n\t\t\t<div class=\"elementor-post__thumbnail\"><img loading=\"lazy\" decoding=\"async\" width=\"300\" height=\"200\" src=\"https:\/\/bugivugi.lt\/wp-content\/uploads\/2025\/10\/image-18-300x200.png\" class=\"attachment-medium size-medium wp-image-5933\" alt=\"Somalio kat\u0117 rudos spalvos prie tinklo Bugivugi\" srcset=\"https:\/\/bugivugi.lt\/wp-content\/uploads\/2025\/10\/image-18-300x200.png 300w, https:\/\/bugivugi.lt\/wp-content\/uploads\/2025\/10\/image-18-768x511.png 768w, https:\/\/bugivugi.lt\/wp-content\/uploads\/2025\/10\/image-18-18x12.png 18w, https:\/\/bugivugi.lt\/wp-content\/uploads\/2025\/10\/image-18-287x190.png 287w, https:\/\/bugivugi.lt\/wp-content\/uploads\/2025\/10\/image-18.png 1004w\" sizes=\"(max-width: 300px) 100vw, 300px\" \/><\/div>\n\t\t<\/a>\n\t\t\t\t<div class=\"elementor-post__text\">\n\t\t\t\t<h3 class=\"elementor-post__title\">\n\t\t\t<a href=\"https:\/\/bugivugi.lt\/en\/somalio-kate\/\" >\n\t\t\t\tSomalio kat\u0117\t\t\t<\/a>\n\t\t<\/h3>\n\t\t\t\t<\/div>\n\t\t\t\t<\/article>\n\t\t\t\t<article class=\"elementor-post elementor-grid-item post-5929 post type-post status-publish format-standard has-post-thumbnail hentry category-kates\" role=\"listitem\">\n\t\t\t\t<a class=\"elementor-post__thumbnail__link\" href=\"https:\/\/bugivugi.lt\/en\/sibiro-kate\/\" tabindex=\"-1\" >\n\t\t\t<div class=\"elementor-post__thumbnail\"><img loading=\"lazy\" decoding=\"async\" width=\"300\" height=\"188\" src=\"https:\/\/bugivugi.lt\/wp-content\/uploads\/2025\/10\/image-17-300x188.png\" class=\"attachment-medium size-medium wp-image-5930\" alt=\"Sibiro kat\u0117 puriu kailiu ir gintarin\u0117mis akimis Bugivugi\" srcset=\"https:\/\/bugivugi.lt\/wp-content\/uploads\/2025\/10\/image-17-300x188.png 300w, https:\/\/bugivugi.lt\/wp-content\/uploads\/2025\/10\/image-17-768x480.png 768w, https:\/\/bugivugi.lt\/wp-content\/uploads\/2025\/10\/image-17-18x12.png 18w, https:\/\/bugivugi.lt\/wp-content\/uploads\/2025\/10\/image-17.png 1004w\" sizes=\"(max-width: 300px) 100vw, 300px\" \/><\/div>\n\t\t<\/a>\n\t\t\t\t<div class=\"elementor-post__text\">\n\t\t\t\t<h3 class=\"elementor-post__title\">\n\t\t\t<a href=\"https:\/\/bugivugi.lt\/en\/sibiro-kate\/\" >\n\t\t\t\tSibiro kat\u0117\t\t\t<\/a>\n\t\t<\/h3>\n\t\t\t\t<\/div>\n\t\t\t\t<\/article>\n\t\t\t\t<article class=\"elementor-post elementor-grid-item post-5926 post type-post status-publish format-standard has-post-thumbnail hentry category-kates\" role=\"listitem\">\n\t\t\t\t<a class=\"elementor-post__thumbnail__link\" href=\"https:\/\/bugivugi.lt\/en\/siamo-kate\/\" tabindex=\"-1\" >\n\t\t\t<div class=\"elementor-post__thumbnail\"><img loading=\"lazy\" decoding=\"async\" width=\"300\" height=\"200\" src=\"https:\/\/bugivugi.lt\/wp-content\/uploads\/2025\/10\/image-16-300x200.png\" class=\"attachment-medium size-medium wp-image-5927\" alt=\"Siamo kat\u0117 m\u0117lynomis akimis Bugivugi\" srcset=\"https:\/\/bugivugi.lt\/wp-content\/uploads\/2025\/10\/image-16-300x200.png 300w, https:\/\/bugivugi.lt\/wp-content\/uploads\/2025\/10\/image-16-768x512.png 768w, https:\/\/bugivugi.lt\/wp-content\/uploads\/2025\/10\/image-16-18x12.png 18w, https:\/\/bugivugi.lt\/wp-content\/uploads\/2025\/10\/image-16-287x190.png 287w, https:\/\/bugivugi.lt\/wp-content\/uploads\/2025\/10\/image-16.png 1004w\" sizes=\"(max-width: 300px) 100vw, 300px\" \/><\/div>\n\t\t<\/a>\n\t\t\t\t<div class=\"elementor-post__text\">\n\t\t\t\t<h3 class=\"elementor-post__title\">\n\t\t\t<a href=\"https:\/\/bugivugi.lt\/en\/siamo-kate\/\" >\n\t\t\t\tSiamo kat\u0117\t\t\t<\/a>\n\t\t<\/h3>\n\t\t\t\t<\/div>\n\t\t\t\t<\/article>\n\t\t\t\t<article class=\"elementor-post elementor-grid-item post-5923 post type-post status-publish format-standard has-post-thumbnail hentry category-kates\" role=\"listitem\">\n\t\t\t\t<a class=\"elementor-post__thumbnail__link\" href=\"https:\/\/bugivugi.lt\/en\/rusu-melynoji-kate\/\" tabindex=\"-1\" >\n\t\t\t<div class=\"elementor-post__thumbnail\"><img loading=\"lazy\" decoding=\"async\" width=\"300\" height=\"200\" src=\"https:\/\/bugivugi.lt\/wp-content\/uploads\/2025\/10\/image-15-300x200.png\" class=\"attachment-medium size-medium wp-image-5924\" alt=\"Rus\u0173 m\u0117lynoji kat\u0117 ilsisi saul\u0117s spinduliuose Bugivugi\" srcset=\"https:\/\/bugivugi.lt\/wp-content\/uploads\/2025\/10\/image-15-300x200.png 300w, https:\/\/bugivugi.lt\/wp-content\/uploads\/2025\/10\/image-15-768x512.png 768w, https:\/\/bugivugi.lt\/wp-content\/uploads\/2025\/10\/image-15-18x12.png 18w, https:\/\/bugivugi.lt\/wp-content\/uploads\/2025\/10\/image-15-287x190.png 287w, https:\/\/bugivugi.lt\/wp-content\/uploads\/2025\/10\/image-15.png 1004w\" sizes=\"(max-width: 300px) 100vw, 300px\" \/><\/div>\n\t\t<\/a>\n\t\t\t\t<div class=\"elementor-post__text\">\n\t\t\t\t<h3 class=\"elementor-post__title\">\n\t\t\t<a href=\"https:\/\/bugivugi.lt\/en\/rusu-melynoji-kate\/\" >\n\t\t\t\tRus\u0173 m\u0117lynoji kat\u0117\t\t\t<\/a>\n\t\t<\/h3>\n\t\t\t\t<\/div>\n\t\t\t\t<\/article>\n\t\t\t\t<\/div>\n\t\t\t\t\t<span class=\"e-load-more-spinner\">\n\t\t\t\t<svg aria-hidden=\"true\" class=\"e-font-icon-svg e-fas-spinner\" viewbox=\"0 0 512 512\" xmlns=\"http:\/\/www.w3.org\/2000\/svg\"><path d=\"M304 48c0 26.51-21.49 48-48 48s-48-21.49-48-48 21.49-48 48-48 48 21.49 48 48zm-48 368c-26.51 0-48 21.49-48 48s21.49 48 48 48 48-21.49 48-48-21.49-48-48-48zm208-208c-26.51 0-48 21.49-48 48s21.49 48 48 48 48-21.49 48-48-21.49-48-48-48zM96 256c0-26.51-21.49-48-48-48S0 229.49 0 256s21.49 48 48 48 48-21.49 48-48zm12.922 99.078c-26.51 0-48 21.49-48 48s21.49 48 48 48 48-21.49 48-48c0-26.509-21.491-48-48-48zm294.156 0c-26.51 0-48 21.49-48 48s21.49 48 48 48 48-21.49 48-48c0-26.509-21.49-48-48-48zM108.922 60.922c-26.51 0-48 21.49-48 48s21.49 48 48 48 48-21.49 48-48-21.491-48-48-48z\"><\/path><\/svg>\t\t\t<\/span>\n\t\t\n\t\t\t\t<div class=\"e-load-more-anchor\" data-page=\"1\" data-max-page=\"4\" data-next-page=\"https:\/\/bugivugi.lt\/en\/wp-json\/wp\/v2\/pages\/1516\/page\/2\/\"><\/div>\n\t\t\t\t<div class=\"elementor-button-wrapper\">\n\t\t\t<a class=\"elementor-button elementor-size-sm\" role=\"button\">\n\t\t\t\t\t\t<span class=\"elementor-button-content-wrapper\">\n\t\t\t\t\t\t\t\t\t<span class=\"elementor-button-text\">Daugiau<\/span>\n\t\t\t\t\t<\/span>\n\t\t\t\t\t<\/a>\n\t\t<\/div>\n\t\t\t\t<div class=\"e-load-more-message\"><\/div>\n\t\t\t\t\t\t<\/div>\n\t\t\t\t<\/div>\n\t\t\t\t\t<\/div>\n\t\t\t\t<\/div>\n\t\t\t\t<\/div>","protected":false},"excerpt":{"rendered":"<p>Populiariausios ka\u010di\u0173 veisl\u0117s \u010cia rasite i\u0161samius apra\u0161ymus apie daugum\u0105 populiariausi\u0173 ka\u010di\u0173 veisli\u0173, su\u017einosite apie gyv\u016bno ypatumus, charakter\u012f, elgsen\u0105 ir prie\u017ei\u016br\u0105.<\/p>","protected":false},"author":1,"featured_media":0,"parent":0,"menu_order":0,"comment_status":"closed","ping_status":"closed","template":"","meta":{"_acf_changed":false,"_srk_meta_title":"","_srk_meta_description":"","_srk_robots_meta":[],"_srk_canonical_url":"","_srk_advanced_settings":[],"_srk_last_sync":0,"footnotes":""},"class_list":["post-1516","page","type-page","status-publish","hentry"],"acf":[],"_links":{"self":[{"href":"https:\/\/bugivugi.lt\/en\/wp-json\/wp\/v2\/pages\/1516","targetHints":{"allow":["GET"]}}],"collection":[{"href":"https:\/\/bugivugi.lt\/en\/wp-json\/wp\/v2\/pages"}],"about":[{"href":"https:\/\/bugivugi.lt\/en\/wp-json\/wp\/v2\/types\/page"}],"author":[{"embeddable":true,"href":"https:\/\/bugivugi.lt\/en\/wp-json\/wp\/v2\/users\/1"}],"replies":[{"embeddable":true,"href":"https:\/\/bugivugi.lt\/en\/wp-json\/wp\/v2\/comments?post=1516"}],"version-history":[{"count":11,"href":"https:\/\/bugivugi.lt\/en\/wp-json\/wp\/v2\/pages\/1516\/revisions"}],"predecessor-version":[{"id":7075,"href":"https:\/\/bugivugi.lt\/en\/wp-json\/wp\/v2\/pages\/1516\/revisions\/7075"}],"wp:attachment":[{"href":"https:\/\/bugivugi.lt\/en\/wp-json\/wp\/v2\/media?parent=1516"}],"curies":[{"name":"wp","href":"https:\/\/api.w.org\/{rel}","templated":true}]}}